{"id":261,"date":"2025-10-29T12:42:34","date_gmt":"2025-10-29T10:42:34","guid":{"rendered":"https:\/\/www.kitkanet.fi\/?page_id=261"},"modified":"2025-12-02T21:17:43","modified_gmt":"2025-12-02T19:17:43","slug":"ylikitka","status":"publish","type":"page","link":"https:\/\/www.kitkanet.fi\/?page_id=261","title":{"rendered":"Ylikitka"},"content":{"rendered":"\n<p>Valokuituselvityksen&nbsp;pohjalta Ylikitkan&nbsp;hankealue haki Lapin ELY-keskukselta rahoitusta valokuituverkon rakentamiseen. My\u00f6nteinen p\u00e4\u00e4t\u00f6s rahoituksesta saatiin 16.5, jolloin p\u00e4\u00e4simme tekem\u00e4\u00e4n lopullisen p\u00e4\u00e4t\u00f6ksen varsinaisen rakentamisty\u00f6n aloittamisesta.&nbsp;<\/p>\n\n\n\n<p>Osuuskunta rakentaa valokuituverkkoa Hyv\u00e4niemen, Hietaniemen, Suonnankyl\u00e4n, Tolvanniemen ja Tolvan alueelle loppukes\u00e4st\u00e4 2025 ja loppuksyksyn 2026 aikana.<\/p>\n\n\n\n<figure class=\"wp-block-image size-large is-resized\"><img loading=\"lazy\" decoding=\"async\" width=\"1024\" height=\"635\" src=\"https:\/\/www.kitkanet.fi\/wp-content\/uploads\/2025\/08\/Nayttokuva-2025-03-30-120515-1024x635.png\" alt=\"\" class=\"wp-image-207\" style=\"width:1089px;height:auto\" srcset=\"https:\/\/www.kitkanet.fi\/wp-content\/uploads\/2025\/08\/Nayttokuva-2025-03-30-120515-1024x635.png 1024w, https:\/\/www.kitkanet.fi\/wp-content\/uploads\/2025\/08\/Nayttokuva-2025-03-30-120515-300x186.png 300w, https:\/\/www.kitkanet.fi\/wp-content\/uploads\/2025\/08\/Nayttokuva-2025-03-30-120515-768x476.png 768w, https:\/\/www.kitkanet.fi\/wp-content\/uploads\/2025\/08\/Nayttokuva-2025-03-30-120515.png 1369w\" sizes=\"auto, (max-width: 1024px) 100vw, 1024px\" \/><\/figure>\n\n\n\n<p><em><strong>Palvelut ja hinnat<\/strong><\/em><\/p>\n\n\n\n<p>Ylikitkan valokuituhankealueella:<\/p>\n\n\n\n<ul class=\"wp-block-list\">\n<li>Osuuskunnan j\u00e4senmaksu 100\u20ac<\/li>\n\n\n\n<li>Valokuituliittym\u00e4n liittymismaksu 1600\u20ac, kaapeli tuodaan osuuskunnan puolesta sis\u00e4lle asti, johon liitet\u00e4\u00e4n tarvittavat laitteet, jolloin liittym\u00e4 on n\u00e4iden osalta k\u00e4ytt\u00f6kunnossa.<\/li>\n\n\n\n<li>Kieppi valmiina talon nurkalle 1500\u20ac ns kylm\u00e4 liittym\u00e4. Kaapeli tuodaan osuuskunnan puolesta tontille\/talon seinustalle. Kun liittyj\u00e4 ottaa liittym\u00e4n k\u00e4ytt\u00f6\u00f6n, h\u00e4n maksaa itse kaapelin asennuksen sis\u00e4lle ja siihen kuuluvat laitteet.<\/li>\n<\/ul>\n\n\n\n<p><em><strong>Liittym\u00e4n kuukausimaksu<\/strong><\/em><\/p>\n\n\n\n<ul class=\"wp-block-list\">\n<li>&nbsp;K\u00e4ytt\u00f6\u00f6nottamattomasta liittym\u00e4st\u00e4 veloitetaan 10\u20ac kuussa verkonhoitomaksua.<\/li>\n\n\n\n<li>Verkonhoitomaksu 18\u20ac kuussa k\u00e4ytt\u00f6\u00f6notetusta liittym\u00e4st\u00e4<\/li>\n<\/ul>\n\n\n\n<p>Liittym\u00e4nopeuksien hintoja ei viel\u00e4 selvill\u00e4, odotamme tarjouksia ja p\u00e4ivit\u00e4mme ne sitten.<\/p>\n\n\n\n<h1 class=\"wp-block-heading\"><\/h1>\n\n\n\n<h5 class=\"wp-block-heading\"><strong><mark>Kyl\u00e4tiedottajat ylikitkan alueella<\/mark><\/strong><\/h5>\n\n\n\n<p><mark><strong>Kyl\u00e4tiedottaja Hyv\u00e4ll\u00e4niemell\u00e4:<\/strong>&nbsp;Pekka Kummala 0449828673 &amp; Ari Takapuro 0400231582<\/mark><\/p>\n\n\n\n<p><mark><strong>Kyl\u00e4tiedottaja Suonnankyl\u00e4ss\u00e4<\/strong>: Jenni Kujala- M\u00e4\u00e4tt\u00e4 0405108763 &amp; Mika Oikarainen 0407314612<\/mark><\/p>\n\n\n\n<p><mark><strong>Kyl\u00e4tiedottaja Tolvassa:<\/strong>&nbsp;Sakari Oikarainen 0400407014<\/mark><\/p>\n\n\n\n<p><\/p>\n","protected":false},"excerpt":{"rendered":"<p>Valokuituselvityksen&nbsp;pohjalta Ylikitkan&nbsp;hankealue haki Lapin ELY-keskukselta rahoitusta valokuituverkon rakentamiseen. My\u00f6nteinen p\u00e4\u00e4t\u00f6s rahoituksesta saatiin 16.5, jolloin p\u00e4\u00e4simme tekem\u00e4\u00e4n lopullisen p\u00e4\u00e4t\u00f6ksen varsinaisen rakentamisty\u00f6n aloittamisesta.&nbsp; Osuuskunta rakentaa valokuituverkkoa Hyv\u00e4niemen, Hietaniemen, Suonnankyl\u00e4n, Tolvanniemen ja Tolvan alueelle loppukes\u00e4st\u00e4 2025 ja loppuksyksyn 2026 aikana. Palvelut ja hinnat Ylikitkan valokuituhankealueella: Liittym\u00e4n kuukausimaksu Liittym\u00e4nopeuksien hintoja ei viel\u00e4 selvill\u00e4, odotamme tarjouksia ja p\u00e4ivit\u00e4mme ne sitten.&hellip;&nbsp;<\/p>\n","protected":false},"author":1,"featured_media":0,"parent":0,"menu_order":0,"comment_status":"closed","ping_status":"closed","template":"","meta":{"neve_meta_sidebar":"","neve_meta_container":"","neve_meta_enable_content_width":"","neve_meta_content_width":0,"neve_meta_title_alignment":"","neve_meta_author_avatar":"","neve_post_elements_order":"","neve_meta_disable_header":"","neve_meta_disable_footer":"","neve_meta_disable_title":"","_kadence_starter_templates_imported_post":false,"footnotes":""},"class_list":["post-261","page","type-page","status-publish","hentry"],"_links":{"self":[{"href":"https:\/\/www.kitkanet.fi\/index.php?rest_route=\/wp\/v2\/pages\/261","targetHints":{"allow":["GET"]}}],"collection":[{"href":"https:\/\/www.kitkanet.fi\/index.php?rest_route=\/wp\/v2\/pages"}],"about":[{"href":"https:\/\/www.kitkanet.fi\/index.php?rest_route=\/wp\/v2\/types\/page"}],"author":[{"embeddable":true,"href":"https:\/\/www.kitkanet.fi\/index.php?rest_route=\/wp\/v2\/users\/1"}],"replies":[{"embeddable":true,"href":"https:\/\/www.kitkanet.fi\/index.php?rest_route=%2Fwp%2Fv2%2Fcomments&post=261"}],"version-history":[{"count":8,"href":"https:\/\/www.kitkanet.fi\/index.php?rest_route=\/wp\/v2\/pages\/261\/revisions"}],"predecessor-version":[{"id":405,"href":"https:\/\/www.kitkanet.fi\/index.php?rest_route=\/wp\/v2\/pages\/261\/revisions\/405"}],"wp:attachment":[{"href":"https:\/\/www.kitkanet.fi\/index.php?rest_route=%2Fwp%2Fv2%2Fmedia&parent=261"}],"curies":[{"name":"wp","href":"https:\/\/api.w.org\/{rel}","templated":true}]}}