{"id":263,"date":"2025-10-29T13:25:32","date_gmt":"2025-10-29T11:25:32","guid":{"rendered":"https:\/\/www.kitkanet.fi\/?page_id=263"},"modified":"2025-12-02T21:08:17","modified_gmt":"2025-12-02T19:08:17","slug":"pera-posio-lehtiniemi","status":"publish","type":"page","link":"https:\/\/www.kitkanet.fi\/?page_id=263","title":{"rendered":"Per\u00e4-Posio &amp; Lehtiniemi"},"content":{"rendered":"\n<p>Osuuskunta on hakenut Elykeskukselta valokuiturakentamiseen rahoitusta syksyn 2025 haussa. J\u00e4\u00e4mme odottamaan ely-keskuksen p\u00e4\u00e4t\u00f6st\u00e4 rahoituksesta<\/p>\n\n\n\n<figure class=\"wp-block-image size-full\"><img loading=\"lazy\" decoding=\"async\" width=\"868\" height=\"732\" src=\"https:\/\/www.kitkanet.fi\/wp-content\/uploads\/2025\/12\/IMG_20251202_210635.jpg\" alt=\"\" class=\"wp-image-401\" srcset=\"https:\/\/www.kitkanet.fi\/wp-content\/uploads\/2025\/12\/IMG_20251202_210635.jpg 868w, https:\/\/www.kitkanet.fi\/wp-content\/uploads\/2025\/12\/IMG_20251202_210635-300x253.jpg 300w, https:\/\/www.kitkanet.fi\/wp-content\/uploads\/2025\/12\/IMG_20251202_210635-768x648.jpg 768w\" sizes=\"auto, (max-width: 868px) 100vw, 868px\" \/><figcaption class=\"wp-element-caption\">Oplus_131072<\/figcaption><\/figure>\n","protected":false},"excerpt":{"rendered":"<p>Osuuskunta on hakenut Elykeskukselta valokuiturakentamiseen rahoitusta syksyn 2025 haussa. J\u00e4\u00e4mme odottamaan ely-keskuksen p\u00e4\u00e4t\u00f6st\u00e4 rahoituksesta<\/p>\n","protected":false},"author":1,"featured_media":0,"parent":0,"menu_order":0,"comment_status":"closed","ping_status":"closed","template":"","meta":{"neve_meta_sidebar":"","neve_meta_container":"","neve_meta_enable_content_width":"","neve_meta_content_width":0,"neve_meta_title_alignment":"","neve_meta_author_avatar":"","neve_post_elements_order":"","neve_meta_disable_header":"","neve_meta_disable_footer":"","neve_meta_disable_title":"","_kadence_starter_templates_imported_post":false,"footnotes":""},"class_list":["post-263","page","type-page","status-publish","hentry"],"_links":{"self":[{"href":"https:\/\/www.kitkanet.fi\/index.php?rest_route=\/wp\/v2\/pages\/263","targetHints":{"allow":["GET"]}}],"collection":[{"href":"https:\/\/www.kitkanet.fi\/index.php?rest_route=\/wp\/v2\/pages"}],"about":[{"href":"https:\/\/www.kitkanet.fi\/index.php?rest_route=\/wp\/v2\/types\/page"}],"author":[{"embeddable":true,"href":"https:\/\/www.kitkanet.fi\/index.php?rest_route=\/wp\/v2\/users\/1"}],"replies":[{"embeddable":true,"href":"https:\/\/www.kitkanet.fi\/index.php?rest_route=%2Fwp%2Fv2%2Fcomments&post=263"}],"version-history":[{"count":2,"href":"https:\/\/www.kitkanet.fi\/index.php?rest_route=\/wp\/v2\/pages\/263\/revisions"}],"predecessor-version":[{"id":402,"href":"https:\/\/www.kitkanet.fi\/index.php?rest_route=\/wp\/v2\/pages\/263\/revisions\/402"}],"wp:attachment":[{"href":"https:\/\/www.kitkanet.fi\/index.php?rest_route=%2Fwp%2Fv2%2Fmedia&parent=263"}],"curies":[{"name":"wp","href":"https:\/\/api.w.org\/{rel}","templated":true}]}}