{"id":81,"date":"2025-12-01T07:00:00","date_gmt":"2025-12-01T05:00:00","guid":{"rendered":"https:\/\/www.kitkanet.fi\/?page_id=81"},"modified":"2026-03-07T17:07:30","modified_gmt":"2026-03-07T15:07:30","slug":"etusivu","status":"publish","type":"page","link":"https:\/\/www.kitkanet.fi\/","title":{"rendered":"Etusivu"},"content":{"rendered":"\n<div class=\"wp-block-cover\"><img loading=\"lazy\" decoding=\"async\" width=\"1024\" height=\"576\" class=\"wp-block-cover__image-background wp-image-211\" alt=\"\" src=\"https:\/\/www.kitkanet.fi\/wp-content\/uploads\/2025\/10\/IMG-20250927-WA0002-1024x576.jpg\" data-object-fit=\"cover\" srcset=\"https:\/\/www.kitkanet.fi\/wp-content\/uploads\/2025\/10\/IMG-20250927-WA0002-1024x576.jpg 1024w, https:\/\/www.kitkanet.fi\/wp-content\/uploads\/2025\/10\/IMG-20250927-WA0002-300x169.jpg 300w, https:\/\/www.kitkanet.fi\/wp-content\/uploads\/2025\/10\/IMG-20250927-WA0002-768x432.jpg 768w, https:\/\/www.kitkanet.fi\/wp-content\/uploads\/2025\/10\/IMG-20250927-WA0002-1536x864.jpg 1536w, https:\/\/www.kitkanet.fi\/wp-content\/uploads\/2025\/10\/IMG-20250927-WA0002.jpg 1600w\" sizes=\"auto, (max-width: 1024px) 100vw, 1024px\" \/><span aria-hidden=\"true\" class=\"wp-block-cover__background has-background-dim\"><\/span><div class=\"wp-block-cover__inner-container is-layout-flow wp-block-cover-is-layout-flow\">\n<p class=\"has-text-align-center has-large-font-size\"><\/p>\n<\/div><\/div>\n\n\n\n<p>Tervetuloa Osuuskunta KitkaNetin nettisivuille<\/p>\n\n\n\n<p id=\"block-ca9878cc-484d-4eb7-a9f4-9a4058008055\">Osuuskunta KitkaNet on posiolainen osuuskunta, joka on perustettu kev\u00e4\u00e4ll\u00e4 2024.<\/p>\n\n\n\n<p>Osuuskunnan facebook sivu -&gt; <a href=\"https:\/\/www.facebook.com\/profile.php?id=61575558189499\" data-type=\"link\" data-id=\"https:\/\/www.facebook.com\/profile.php?id=61575558189499\">https:\/\/www.facebook.com\/profile.php?id=61575558189499<\/a><\/p>\n\n\n\n<p>Osuuskunta Kitkanet on saanut Lapin ELY-keskukselta rahoitusta valokuituselvityksen tekemiseen L\u00e4nsi-, Pohjois- ja It\u00e4-Posion kyliin. Saadun rahoituksen avulla osuuskunta on selvitt\u00e4nyt&nbsp;, miten valokuidusta kiinnostuneet alueet jaetaan rakennettaviksi hankealueiksi siten, ett\u00e4 rakentaminen on taloudellisesti ja teknisesti tehokasta ja mill\u00e4 aikataululla sek\u00e4 miss\u00e4 j\u00e4rjestyksess\u00e4 rahoitusta alueille on j\u00e4rkev\u00e4\u00e4 hakea.<\/p>\n\n\n\n<p>Ylikitkan valokuituhanke on ELY:n rahoittama hanke, jonka toteutus ajoittuu vuosille 2025 \u2013 2027. Hankkeeseen on saatu rahoitusta 482994,20\u20ac Lapin ELY-keskukselta. Hankkeen tavoitteena on mahdollistaa nopeat ja varmatoimiset tietoliikenneyhteydet kaikille kyl\u00e4l\u00e4isille ja alueen m\u00f6kkil\u00e4isille. Valokuituverkkoa p\u00e4\u00e4stiin rakentamaan elokuussa -25 ja rakentaminen jatkuu kev\u00e4\u00e4ll\u00e4 -26 lumien sulaessa. <\/p>\n\n\n\n<figure class=\"wp-block-image size-large is-resized\"><img loading=\"lazy\" decoding=\"async\" width=\"1024\" height=\"215\" src=\"https:\/\/www.kitkanet.fi\/wp-content\/uploads\/2025\/10\/1000028671-1024x215.png\" alt=\"\" class=\"wp-image-257\" style=\"width:391px;height:auto\" srcset=\"https:\/\/www.kitkanet.fi\/wp-content\/uploads\/2025\/10\/1000028671-1024x215.png 1024w, https:\/\/www.kitkanet.fi\/wp-content\/uploads\/2025\/10\/1000028671-300x63.png 300w, https:\/\/www.kitkanet.fi\/wp-content\/uploads\/2025\/10\/1000028671-768x161.png 768w, https:\/\/www.kitkanet.fi\/wp-content\/uploads\/2025\/10\/1000028671-1536x322.png 1536w, https:\/\/www.kitkanet.fi\/wp-content\/uploads\/2025\/10\/1000028671-2048x430.png 2048w\" sizes=\"auto, (max-width: 1024px) 100vw, 1024px\" \/><\/figure>\n\n\n\n<p><\/p>\n","protected":false},"excerpt":{"rendered":"<p>Tervetuloa Osuuskunta KitkaNetin nettisivuille Osuuskunta KitkaNet on posiolainen osuuskunta, joka on perustettu kev\u00e4\u00e4ll\u00e4 2024. Osuuskunnan facebook sivu -&gt; https:\/\/www.facebook.com\/profile.php?id=61575558189499 Osuuskunta Kitkanet on saanut Lapin ELY-keskukselta rahoitusta valokuituselvityksen tekemiseen L\u00e4nsi-, Pohjois- ja It\u00e4-Posion kyliin. Saadun rahoituksen avulla osuuskunta on selvitt\u00e4nyt&nbsp;, miten valokuidusta kiinnostuneet alueet jaetaan rakennettaviksi hankealueiksi siten, ett\u00e4 rakentaminen on taloudellisesti ja teknisesti tehokasta ja&hellip;&nbsp;<\/p>\n","protected":false},"author":1,"featured_media":211,"parent":0,"menu_order":0,"comment_status":"closed","ping_status":"closed","template":"","meta":{"neve_meta_sidebar":"","neve_meta_container":"","neve_meta_enable_content_width":"","neve_meta_content_width":0,"neve_meta_title_alignment":"","neve_meta_author_avatar":"","neve_post_elements_order":"","neve_meta_disable_header":"","neve_meta_disable_footer":"","neve_meta_disable_title":"","_kadence_starter_templates_imported_post":false,"footnotes":""},"class_list":["post-81","page","type-page","status-publish","has-post-thumbnail","hentry"],"_links":{"self":[{"href":"https:\/\/www.kitkanet.fi\/index.php?rest_route=\/wp\/v2\/pages\/81","targetHints":{"allow":["GET"]}}],"collection":[{"href":"https:\/\/www.kitkanet.fi\/index.php?rest_route=\/wp\/v2\/pages"}],"about":[{"href":"https:\/\/www.kitkanet.fi\/index.php?rest_route=\/wp\/v2\/types\/page"}],"author":[{"embeddable":true,"href":"https:\/\/www.kitkanet.fi\/index.php?rest_route=\/wp\/v2\/users\/1"}],"replies":[{"embeddable":true,"href":"https:\/\/www.kitkanet.fi\/index.php?rest_route=%2Fwp%2Fv2%2Fcomments&post=81"}],"version-history":[{"count":36,"href":"https:\/\/www.kitkanet.fi\/index.php?rest_route=\/wp\/v2\/pages\/81\/revisions"}],"predecessor-version":[{"id":412,"href":"https:\/\/www.kitkanet.fi\/index.php?rest_route=\/wp\/v2\/pages\/81\/revisions\/412"}],"wp:featuredmedia":[{"embeddable":true,"href":"https:\/\/www.kitkanet.fi\/index.php?rest_route=\/wp\/v2\/media\/211"}],"wp:attachment":[{"href":"https:\/\/www.kitkanet.fi\/index.php?rest_route=%2Fwp%2Fv2%2Fmedia&parent=81"}],"curies":[{"name":"wp","href":"https:\/\/api.w.org\/{rel}","templated":true}]}}